{"id":8,"date":"2021-06-22T10:02:11","date_gmt":"2021-06-22T08:02:11","guid":{"rendered":"http:\/\/webrocks.hekko24.pl\/neuromedica\/?page_id=8"},"modified":"2026-03-16T11:28:34","modified_gmt":"2026-03-16T10:28:34","slug":"oferta-i-uslugi","status":"publish","type":"page","link":"https:\/\/webrocks.hekko24.pl\/neuromedica\/oferta-i-uslugi\/","title":{"rendered":"Oferta i us\u0142ugi"},"content":{"rendered":"","protected":false},"excerpt":{"rendered":"","protected":false},"author":1,"featured_media":78,"parent":0,"menu_order":4,"comment_status":"closed","ping_status":"closed","template":"templates\/offer.php","meta":{"footnotes":""},"class_list":["post-8","page","type-page","status-publish","has-post-thumbnail","hentry"],"yoast_head":"<!-- This site is optimized with the Yoast SEO plugin v27.1.1 - https:\/\/yoast.com\/product\/yoast-seo-wordpress\/ -->\n<title>Neurolog dzieci\u0119cy, EEG i Biofeedback Krak\u00f3w | Neuromedica<\/title>\n<meta name=\"description\" content=\"Kompleksowa diagnostyka neurologiczna dzieci w Krakowie. Badania EEG, Biofeedback, wsparcie specjalist\u00f3w. Um\u00f3w wizyt\u0119 w Neuromedica!\" \/>\n<meta name=\"robots\" content=\"index, follow, max-snippet:-1, max-image-preview:large, max-video-preview:-1\" \/>\n<link rel=\"canonical\" href=\"https:\/\/webrocks.hekko24.pl\/neuromedica\/oferta-i-uslugi\/\" \/>\n<meta property=\"og:locale\" content=\"pl_PL\" \/>\n<meta property=\"og:type\" content=\"article\" \/>\n<meta property=\"og:title\" content=\"Neurolog dzieci\u0119cy, EEG i Biofeedback Krak\u00f3w | Neuromedica\" \/>\n<meta property=\"og:description\" content=\"Kompleksowa diagnostyka neurologiczna dzieci w Krakowie. Badania EEG, Biofeedback, wsparcie specjalist\u00f3w. Um\u00f3w wizyt\u0119 w Neuromedica!\" \/>\n<meta property=\"og:url\" content=\"https:\/\/webrocks.hekko24.pl\/neuromedica\/oferta-i-uslugi\/\" \/>\n<meta property=\"og:site_name\" content=\"Instytut Neuromedica\" \/>\n<meta property=\"article:modified_time\" content=\"2026-03-16T10:28:34+00:00\" \/>\n<meta property=\"og:image\" content=\"http:\/\/webrocks.hekko24.pl\/neuromedica\/wp-content\/uploads\/2021\/06\/oferta.jpg\" \/>\n\t<meta property=\"og:image:width\" content=\"1881\" \/>\n\t<meta property=\"og:image:height\" content=\"836\" \/>\n\t<meta property=\"og:image:type\" content=\"image\/jpeg\" \/>\n<meta name=\"twitter:card\" content=\"summary_large_image\" \/>\n<meta name=\"twitter:label1\" content=\"Szacowany czas czytania\" \/>\n\t<meta name=\"twitter:data1\" content=\"1 minuta\" \/>\n<script type=\"application\/ld+json\" class=\"yoast-schema-graph\">{\"@context\":\"https:\/\/schema.org\",\"@graph\":[{\"@type\":\"WebPage\",\"@id\":\"https:\/\/webrocks.hekko24.pl\/neuromedica\/oferta-i-uslugi\/\",\"url\":\"https:\/\/webrocks.hekko24.pl\/neuromedica\/oferta-i-uslugi\/\",\"name\":\"Neurolog dzieci\u0119cy, EEG i Biofeedback Krak\u00f3w | Neuromedica\",\"isPartOf\":{\"@id\":\"https:\/\/webrocks.hekko24.pl\/neuromedica\/#website\"},\"primaryImageOfPage\":{\"@id\":\"https:\/\/webrocks.hekko24.pl\/neuromedica\/oferta-i-uslugi\/#primaryimage\"},\"image\":{\"@id\":\"https:\/\/webrocks.hekko24.pl\/neuromedica\/oferta-i-uslugi\/#primaryimage\"},\"thumbnailUrl\":\"https:\/\/webrocks.hekko24.pl\/neuromedica\/wp-content\/uploads\/2021\/06\/oferta.jpg\",\"datePublished\":\"2021-06-22T08:02:11+00:00\",\"dateModified\":\"2026-03-16T10:28:34+00:00\",\"description\":\"Kompleksowa diagnostyka neurologiczna dzieci w Krakowie. Badania EEG, Biofeedback, wsparcie specjalist\u00f3w. Um\u00f3w wizyt\u0119 w Neuromedica!\",\"breadcrumb\":{\"@id\":\"https:\/\/webrocks.hekko24.pl\/neuromedica\/oferta-i-uslugi\/#breadcrumb\"},\"inLanguage\":\"pl-PL\",\"potentialAction\":[{\"@type\":\"ReadAction\",\"target\":[\"https:\/\/webrocks.hekko24.pl\/neuromedica\/oferta-i-uslugi\/\"]}]},{\"@type\":\"ImageObject\",\"inLanguage\":\"pl-PL\",\"@id\":\"https:\/\/webrocks.hekko24.pl\/neuromedica\/oferta-i-uslugi\/#primaryimage\",\"url\":\"https:\/\/webrocks.hekko24.pl\/neuromedica\/wp-content\/uploads\/2021\/06\/oferta.jpg\",\"contentUrl\":\"https:\/\/webrocks.hekko24.pl\/neuromedica\/wp-content\/uploads\/2021\/06\/oferta.jpg\",\"width\":1881,\"height\":836},{\"@type\":\"BreadcrumbList\",\"@id\":\"https:\/\/webrocks.hekko24.pl\/neuromedica\/oferta-i-uslugi\/#breadcrumb\",\"itemListElement\":[{\"@type\":\"ListItem\",\"position\":1,\"name\":\"Strona g\u0142\u00f3wna\",\"item\":\"https:\/\/webrocks.hekko24.pl\/neuromedica\/\"},{\"@type\":\"ListItem\",\"position\":2,\"name\":\"Oferta i us\u0142ugi\"}]},{\"@type\":\"WebSite\",\"@id\":\"https:\/\/webrocks.hekko24.pl\/neuromedica\/#website\",\"url\":\"https:\/\/webrocks.hekko24.pl\/neuromedica\/\",\"name\":\"Instytut Neuromedica\",\"description\":\"\",\"potentialAction\":[{\"@type\":\"SearchAction\",\"target\":{\"@type\":\"EntryPoint\",\"urlTemplate\":\"https:\/\/webrocks.hekko24.pl\/neuromedica\/?s={search_term_string}\"},\"query-input\":{\"@type\":\"PropertyValueSpecification\",\"valueRequired\":true,\"valueName\":\"search_term_string\"}}],\"inLanguage\":\"pl-PL\"}]}<\/script>\n<!-- \/ Yoast SEO plugin. -->","yoast_head_json":{"title":"Neurolog dzieci\u0119cy, EEG i Biofeedback Krak\u00f3w | Neuromedica","description":"Kompleksowa diagnostyka neurologiczna dzieci w Krakowie. Badania EEG, Biofeedback, wsparcie specjalist\u00f3w. Um\u00f3w wizyt\u0119 w Neuromedica!","robots":{"index":"index","follow":"follow","max-snippet":"max-snippet:-1","max-image-preview":"max-image-preview:large","max-video-preview":"max-video-preview:-1"},"canonical":"https:\/\/webrocks.hekko24.pl\/neuromedica\/oferta-i-uslugi\/","og_locale":"pl_PL","og_type":"article","og_title":"Neurolog dzieci\u0119cy, EEG i Biofeedback Krak\u00f3w | Neuromedica","og_description":"Kompleksowa diagnostyka neurologiczna dzieci w Krakowie. Badania EEG, Biofeedback, wsparcie specjalist\u00f3w. Um\u00f3w wizyt\u0119 w Neuromedica!","og_url":"https:\/\/webrocks.hekko24.pl\/neuromedica\/oferta-i-uslugi\/","og_site_name":"Instytut Neuromedica","article_modified_time":"2026-03-16T10:28:34+00:00","og_image":[{"width":1881,"height":836,"url":"http:\/\/webrocks.hekko24.pl\/neuromedica\/wp-content\/uploads\/2021\/06\/oferta.jpg","type":"image\/jpeg"}],"twitter_card":"summary_large_image","twitter_misc":{"Szacowany czas czytania":"1 minuta"},"schema":{"@context":"https:\/\/schema.org","@graph":[{"@type":"WebPage","@id":"https:\/\/webrocks.hekko24.pl\/neuromedica\/oferta-i-uslugi\/","url":"https:\/\/webrocks.hekko24.pl\/neuromedica\/oferta-i-uslugi\/","name":"Neurolog dzieci\u0119cy, EEG i Biofeedback Krak\u00f3w | Neuromedica","isPartOf":{"@id":"https:\/\/webrocks.hekko24.pl\/neuromedica\/#website"},"primaryImageOfPage":{"@id":"https:\/\/webrocks.hekko24.pl\/neuromedica\/oferta-i-uslugi\/#primaryimage"},"image":{"@id":"https:\/\/webrocks.hekko24.pl\/neuromedica\/oferta-i-uslugi\/#primaryimage"},"thumbnailUrl":"https:\/\/webrocks.hekko24.pl\/neuromedica\/wp-content\/uploads\/2021\/06\/oferta.jpg","datePublished":"2021-06-22T08:02:11+00:00","dateModified":"2026-03-16T10:28:34+00:00","description":"Kompleksowa diagnostyka neurologiczna dzieci w Krakowie. Badania EEG, Biofeedback, wsparcie specjalist\u00f3w. Um\u00f3w wizyt\u0119 w Neuromedica!","breadcrumb":{"@id":"https:\/\/webrocks.hekko24.pl\/neuromedica\/oferta-i-uslugi\/#breadcrumb"},"inLanguage":"pl-PL","potentialAction":[{"@type":"ReadAction","target":["https:\/\/webrocks.hekko24.pl\/neuromedica\/oferta-i-uslugi\/"]}]},{"@type":"ImageObject","inLanguage":"pl-PL","@id":"https:\/\/webrocks.hekko24.pl\/neuromedica\/oferta-i-uslugi\/#primaryimage","url":"https:\/\/webrocks.hekko24.pl\/neuromedica\/wp-content\/uploads\/2021\/06\/oferta.jpg","contentUrl":"https:\/\/webrocks.hekko24.pl\/neuromedica\/wp-content\/uploads\/2021\/06\/oferta.jpg","width":1881,"height":836},{"@type":"BreadcrumbList","@id":"https:\/\/webrocks.hekko24.pl\/neuromedica\/oferta-i-uslugi\/#breadcrumb","itemListElement":[{"@type":"ListItem","position":1,"name":"Strona g\u0142\u00f3wna","item":"https:\/\/webrocks.hekko24.pl\/neuromedica\/"},{"@type":"ListItem","position":2,"name":"Oferta i us\u0142ugi"}]},{"@type":"WebSite","@id":"https:\/\/webrocks.hekko24.pl\/neuromedica\/#website","url":"https:\/\/webrocks.hekko24.pl\/neuromedica\/","name":"Instytut Neuromedica","description":"","potentialAction":[{"@type":"SearchAction","target":{"@type":"EntryPoint","urlTemplate":"https:\/\/webrocks.hekko24.pl\/neuromedica\/?s={search_term_string}"},"query-input":{"@type":"PropertyValueSpecification","valueRequired":true,"valueName":"search_term_string"}}],"inLanguage":"pl-PL"}]}},"_links":{"self":[{"href":"https:\/\/webrocks.hekko24.pl\/neuromedica\/wp-json\/wp\/v2\/pages\/8","targetHints":{"allow":["GET"]}}],"collection":[{"href":"https:\/\/webrocks.hekko24.pl\/neuromedica\/wp-json\/wp\/v2\/pages"}],"about":[{"href":"https:\/\/webrocks.hekko24.pl\/neuromedica\/wp-json\/wp\/v2\/types\/page"}],"author":[{"embeddable":true,"href":"https:\/\/webrocks.hekko24.pl\/neuromedica\/wp-json\/wp\/v2\/users\/1"}],"replies":[{"embeddable":true,"href":"https:\/\/webrocks.hekko24.pl\/neuromedica\/wp-json\/wp\/v2\/comments?post=8"}],"version-history":[{"count":2,"href":"https:\/\/webrocks.hekko24.pl\/neuromedica\/wp-json\/wp\/v2\/pages\/8\/revisions"}],"predecessor-version":[{"id":77,"href":"https:\/\/webrocks.hekko24.pl\/neuromedica\/wp-json\/wp\/v2\/pages\/8\/revisions\/77"}],"wp:featuredmedia":[{"embeddable":true,"href":"https:\/\/webrocks.hekko24.pl\/neuromedica\/wp-json\/wp\/v2\/media\/78"}],"wp:attachment":[{"href":"https:\/\/webrocks.hekko24.pl\/neuromedica\/wp-json\/wp\/v2\/media?parent=8"}],"curies":[{"name":"wp","href":"https:\/\/api.w.org\/{rel}","templated":true}]}}